{"id":27,"date":"2024-06-06T15:09:50","date_gmt":"2024-06-06T18:09:50","guid":{"rendered":"https:\/\/movimentart.com.br\/?page_id=27"},"modified":"2025-08-13T15:10:55","modified_gmt":"2025-08-13T18:10:55","slug":"pagina-principal","status":"publish","type":"page","link":"https:\/\/movimentart.com.br\/","title":{"rendered":"P\u00e1gina Principal"},"content":{"rendered":"\t\t<div data-elementor-type=\"wp-post\" data-elementor-id=\"27\" class=\"elementor elementor-27\">\n\t\t\t\t<div class=\"elementor-element elementor-element-58ecb7b e-flex e-con-boxed e-con e-parent\" data-id=\"58ecb7b\" data-element_type=\"container\" data-settings=\"{&quot;background_background&quot;:&quot;classic&quot;}\">\n\t\t\t\t\t<div class=\"e-con-inner\">\n\t\t\t\t<div class=\"elementor-element elementor-element-5bad36d elementor-widget elementor-widget-image\" data-id=\"5bad36d\" data-element_type=\"widget\" data-widget_type=\"image.default\">\n\t\t\t\t<div class=\"elementor-widget-container\">\n\t\t\t<style>\/*! elementor - v3.21.0 - 26-05-2024 *\/\n.elementor-widget-image{text-align:center}.elementor-widget-image a{display:inline-block}.elementor-widget-image a img[src$=\".svg\"]{width:48px}.elementor-widget-image img{vertical-align:middle;display:inline-block}<\/style>\t\t\t\t\t\t\t\t\t\t<img fetchpriority=\"high\" decoding=\"async\" width=\"768\" height=\"768\" src=\"https:\/\/movimentart.com.br\/wp-content\/uploads\/2024\/06\/WhatsApp-Image-2024-06-03-at-11.02.30-768x768.jpeg\" class=\"attachment-medium_large size-medium_large wp-image-38\" alt=\"\" srcset=\"https:\/\/movimentart.com.br\/wp-content\/uploads\/2024\/06\/WhatsApp-Image-2024-06-03-at-11.02.30-768x768.jpeg 768w, https:\/\/movimentart.com.br\/wp-content\/uploads\/2024\/06\/WhatsApp-Image-2024-06-03-at-11.02.30-300x300.jpeg 300w, https:\/\/movimentart.com.br\/wp-content\/uploads\/2024\/06\/WhatsApp-Image-2024-06-03-at-11.02.30-1024x1024.jpeg 1024w, https:\/\/movimentart.com.br\/wp-content\/uploads\/2024\/06\/WhatsApp-Image-2024-06-03-at-11.02.30-150x150.jpeg 150w, https:\/\/movimentart.com.br\/wp-content\/uploads\/2024\/06\/WhatsApp-Image-2024-06-03-at-11.02.30-1536x1536.jpeg 1536w, https:\/\/movimentart.com.br\/wp-content\/uploads\/2024\/06\/WhatsApp-Image-2024-06-03-at-11.02.30.jpeg 1563w\" sizes=\"(max-width: 768px) 100vw, 768px\" \/>\t\t\t\t\t\t\t\t\t\t\t\t\t<\/div>\n\t\t\t\t<\/div>\n\t\t\t\t<div class=\"elementor-element elementor-element-12ae2e0 elementor-align-center elementor-invisible elementor-widget elementor-widget-button\" data-id=\"12ae2e0\" data-element_type=\"widget\" data-settings=\"{&quot;_animation&quot;:&quot;bounceIn&quot;}\" data-widget_type=\"button.default\">\n\t\t\t\t<div class=\"elementor-widget-container\">\n\t\t\t\t\t<div class=\"elementor-button-wrapper\">\n\t\t\t<a class=\"elementor-button elementor-button-link elementor-size-sm elementor-animation-pulse\" href=\"http:\/\/wa.me\/5561996596492\">\n\t\t\t\t\t\t<span class=\"elementor-button-content-wrapper\">\n\t\t\t\t\t\t\t\t\t<span class=\"elementor-button-text\">AULA EXPERIMENTAL<\/span>\n\t\t\t\t\t<\/span>\n\t\t\t\t\t<\/a>\n\t\t<\/div>\n\t\t\t\t<\/div>\n\t\t\t\t<\/div>\n\t\t\t\t\t<\/div>\n\t\t\t\t<\/div>\n\t\t<div class=\"elementor-element elementor-element-d866703 e-flex e-con-boxed e-con e-parent\" data-id=\"d866703\" data-element_type=\"container\" data-settings=\"{&quot;background_background&quot;:&quot;classic&quot;}\">\n\t\t\t\t\t<div class=\"e-con-inner\">\n\t\t<div class=\"elementor-element elementor-element-b12222d e-con-full e-flex e-con e-child\" data-id=\"b12222d\" data-element_type=\"container\">\n\t\t\t\t<div class=\"elementor-element elementor-element-e73fa65 elementor-view-default elementor-widget elementor-widget-icon\" data-id=\"e73fa65\" data-element_type=\"widget\" data-widget_type=\"icon.default\">\n\t\t\t\t<div class=\"elementor-widget-container\">\n\t\t\t\t\t<div class=\"elementor-icon-wrapper\">\n\t\t\t<div class=\"elementor-icon\">\n\t\t\t<svg aria-hidden=\"true\" class=\"e-font-icon-svg e-fas-child\" viewBox=\"0 0 384 512\" xmlns=\"http:\/\/www.w3.org\/2000\/svg\"><path d=\"M120 72c0-39.765 32.235-72 72-72s72 32.235 72 72c0 39.764-32.235 72-72 72s-72-32.236-72-72zm254.627 1.373c-12.496-12.497-32.758-12.497-45.254 0L242.745 160H141.254L54.627 73.373c-12.496-12.497-32.758-12.497-45.254 0-12.497 12.497-12.497 32.758 0 45.255L104 213.254V480c0 17.673 14.327 32 32 32h16c17.673 0 32-14.327 32-32V368h16v112c0 17.673 14.327 32 32 32h16c17.673 0 32-14.327 32-32V213.254l94.627-94.627c12.497-12.497 12.497-32.757 0-45.254z\"><\/path><\/svg>\t\t\t<\/div>\n\t\t<\/div>\n\t\t\t\t<\/div>\n\t\t\t\t<\/div>\n\t\t\t\t<div class=\"elementor-element elementor-element-5e095cc elementor-widget elementor-widget-heading\" data-id=\"5e095cc\" data-element_type=\"widget\" data-widget_type=\"heading.default\">\n\t\t\t\t<div class=\"elementor-widget-container\">\n\t\t\t<style>\/*! elementor - v3.21.0 - 26-05-2024 *\/\n.elementor-heading-title{padding:0;margin:0;line-height:1}.elementor-widget-heading .elementor-heading-title[class*=elementor-size-]>a{color:inherit;font-size:inherit;line-height:inherit}.elementor-widget-heading .elementor-heading-title.elementor-size-small{font-size:15px}.elementor-widget-heading .elementor-heading-title.elementor-size-medium{font-size:19px}.elementor-widget-heading .elementor-heading-title.elementor-size-large{font-size:29px}.elementor-widget-heading .elementor-heading-title.elementor-size-xl{font-size:39px}.elementor-widget-heading .elementor-heading-title.elementor-size-xxl{font-size:59px}<\/style><h2 class=\"elementor-heading-title elementor-size-default\">PILATES<\/h2>\t\t<\/div>\n\t\t\t\t<\/div>\n\t\t\t\t<div class=\"elementor-element elementor-element-223f1be elementor-widget elementor-widget-text-editor\" data-id=\"223f1be\" data-element_type=\"widget\" data-widget_type=\"text-editor.default\">\n\t\t\t\t<div class=\"elementor-widget-container\">\n\t\t\t<style>\/*! elementor - v3.21.0 - 26-05-2024 *\/\n.elementor-widget-text-editor.elementor-drop-cap-view-stacked .elementor-drop-cap{background-color:#69727d;color:#fff}.elementor-widget-text-editor.elementor-drop-cap-view-framed .elementor-drop-cap{color:#69727d;border:3px solid;background-color:transparent}.elementor-widget-text-editor:not(.elementor-drop-cap-view-default) .elementor-drop-cap{margin-top:8px}.elementor-widget-text-editor:not(.elementor-drop-cap-view-default) .elementor-drop-cap-letter{width:1em;height:1em}.elementor-widget-text-editor .elementor-drop-cap{float:left;text-align:center;line-height:1;font-size:50px}.elementor-widget-text-editor .elementor-drop-cap-letter{display:inline-block}<\/style>\t\t\t\t<p>Nosso est\u00fadio de pilates em Samambaia visa cuidar da sua sa\u00fade, melhorar a postura e a flexibilidade.\u00a0 \u00c9 uma pr\u00e1tica excelente para melhorar a sa\u00fade f\u00edsica e mental.<\/p>\t\t\t\t\t\t<\/div>\n\t\t\t\t<\/div>\n\t\t\t\t<\/div>\n\t\t<div class=\"elementor-element elementor-element-a523cb9 e-con-full e-flex e-con e-child\" data-id=\"a523cb9\" data-element_type=\"container\">\n\t\t\t\t<div class=\"elementor-element elementor-element-d791abc elementor-view-default elementor-widget elementor-widget-icon\" data-id=\"d791abc\" data-element_type=\"widget\" data-widget_type=\"icon.default\">\n\t\t\t\t<div class=\"elementor-widget-container\">\n\t\t\t\t\t<div class=\"elementor-icon-wrapper\">\n\t\t\t<div class=\"elementor-icon\">\n\t\t\t<svg aria-hidden=\"true\" class=\"e-font-icon-svg e-fas-volleyball-ball\" viewBox=\"0 0 512 512\" xmlns=\"http:\/\/www.w3.org\/2000\/svg\"><path d=\"M231.39 243.48a285.56 285.56 0 0 0-22.7-105.7c-90.8 42.4-157.5 122.4-180.3 216.8a249 249 0 0 0 56.9 81.1 333.87 333.87 0 0 1 146.1-192.2zm-36.9-134.4a284.23 284.23 0 0 0-57.4-70.7c-91 49.8-144.8 152.9-125 262.2 33.4-83.1 98.4-152 182.4-191.5zm187.6 165.1c8.6-99.8-27.3-197.5-97.5-264.4-14.7-1.7-51.6-5.5-98.9 8.5A333.87 333.87 0 0 1 279.19 241a285 285 0 0 0 102.9 33.18zm-124.7 9.5a286.33 286.33 0 0 0-80.2 72.6c82 57.3 184.5 75.1 277.5 47.8a247.15 247.15 0 0 0 42.2-89.9 336.1 336.1 0 0 1-80.9 10.4c-54.6-.1-108.9-14.1-158.6-40.9zm-98.3 99.7c-15.2 26-25.7 54.4-32.1 84.2a247.07 247.07 0 0 0 289-22.1c-112.9 16.1-203.3-24.8-256.9-62.1zm180.3-360.6c55.3 70.4 82.5 161.2 74.6 253.6a286.59 286.59 0 0 0 89.7-14.2c0-2 .3-4 .3-6 0-107.8-68.7-199.1-164.6-233.4z\"><\/path><\/svg>\t\t\t<\/div>\n\t\t<\/div>\n\t\t\t\t<\/div>\n\t\t\t\t<\/div>\n\t\t\t\t<div class=\"elementor-element elementor-element-c527f93 elementor-widget elementor-widget-heading\" data-id=\"c527f93\" data-element_type=\"widget\" data-widget_type=\"heading.default\">\n\t\t\t\t<div class=\"elementor-widget-container\">\n\t\t\t<h2 class=\"elementor-heading-title elementor-size-default\">FUNCIONAL<\/h2>\t\t<\/div>\n\t\t\t\t<\/div>\n\t\t\t\t<div class=\"elementor-element elementor-element-0de4d76 elementor-widget elementor-widget-text-editor\" data-id=\"0de4d76\" data-element_type=\"widget\" data-widget_type=\"text-editor.default\">\n\t\t\t\t<div class=\"elementor-widget-container\">\n\t\t\t\t\t\t\t<p>Nosso treinamento funcional em samambaia \u00e9 um tipo de exerc\u00edcio f\u00edsico que se concentra em movimentos que imitam atividades do dia a dia, com o objetivo de melhorar a for\u00e7a, a estabilidade, a mobilidade e a resist\u00eancia.\u00a0\u00a0<\/p>\t\t\t\t\t\t<\/div>\n\t\t\t\t<\/div>\n\t\t\t\t<\/div>\n\t\t<div class=\"elementor-element elementor-element-6d60c2f e-con-full e-flex e-con e-child\" data-id=\"6d60c2f\" data-element_type=\"container\">\n\t\t\t\t<div class=\"elementor-element elementor-element-0989e30 elementor-view-default elementor-widget elementor-widget-icon\" data-id=\"0989e30\" data-element_type=\"widget\" data-widget_type=\"icon.default\">\n\t\t\t\t<div class=\"elementor-widget-container\">\n\t\t\t\t\t<div class=\"elementor-icon-wrapper\">\n\t\t\t<div class=\"elementor-icon\">\n\t\t\t<svg aria-hidden=\"true\" class=\"e-font-icon-svg e-fas-house-user\" viewBox=\"0 0 576 512\" xmlns=\"http:\/\/www.w3.org\/2000\/svg\"><path d=\"M570.69,236.27,512,184.44V48a16,16,0,0,0-16-16H432a16,16,0,0,0-16,16V99.67L314.78,10.3C308.5,4.61,296.53,0,288,0s-20.46,4.61-26.74,10.3l-256,226A18.27,18.27,0,0,0,0,248.2a18.64,18.64,0,0,0,4.09,10.71L25.5,282.7a21.14,21.14,0,0,0,12,5.3,21.67,21.67,0,0,0,10.69-4.11l15.9-14V480a32,32,0,0,0,32,32H480a32,32,0,0,0,32-32V269.88l15.91,14A21.94,21.94,0,0,0,538.63,288a20.89,20.89,0,0,0,11.87-5.31l21.41-23.81A21.64,21.64,0,0,0,576,248.19,21,21,0,0,0,570.69,236.27ZM288,176a64,64,0,1,1-64,64A64,64,0,0,1,288,176ZM400,448H176a16,16,0,0,1-16-16,96,96,0,0,1,96-96h64a96,96,0,0,1,96,96A16,16,0,0,1,400,448Z\"><\/path><\/svg>\t\t\t<\/div>\n\t\t<\/div>\n\t\t\t\t<\/div>\n\t\t\t\t<\/div>\n\t\t\t\t<div class=\"elementor-element elementor-element-2dfb3f9 elementor-widget elementor-widget-heading\" data-id=\"2dfb3f9\" data-element_type=\"widget\" data-widget_type=\"heading.default\">\n\t\t\t\t<div class=\"elementor-widget-container\">\n\t\t\t<h2 class=\"elementor-heading-title elementor-size-default\">FISIOTERAPIA DOMICILIAR<\/h2>\t\t<\/div>\n\t\t\t\t<\/div>\n\t\t\t\t<div class=\"elementor-element elementor-element-5f8d92a elementor-widget elementor-widget-text-editor\" data-id=\"5f8d92a\" data-element_type=\"widget\" data-widget_type=\"text-editor.default\">\n\t\t\t\t<div class=\"elementor-widget-container\">\n\t\t\t\t\t\t\t<p>A fisioterapia domiciliar \u00e9 um servi\u00e7o prestado no ambiente residencial do paciente. Atendemos a fisioterapia domiciliar em Samambaia e outras regi\u00f5es.<\/p>\t\t\t\t\t\t<\/div>\n\t\t\t\t<\/div>\n\t\t\t\t<\/div>\n\t\t<div class=\"elementor-element elementor-element-619dad5 e-con-full e-flex e-con e-child\" data-id=\"619dad5\" data-element_type=\"container\">\n\t\t\t\t<div class=\"elementor-element elementor-element-bdf9ff4 elementor-view-default elementor-widget elementor-widget-icon\" data-id=\"bdf9ff4\" data-element_type=\"widget\" data-widget_type=\"icon.default\">\n\t\t\t\t<div class=\"elementor-widget-container\">\n\t\t\t\t\t<div class=\"elementor-icon-wrapper\">\n\t\t\t<div class=\"elementor-icon\">\n\t\t\t<svg aria-hidden=\"true\" class=\"e-font-icon-svg e-fas-fire\" viewBox=\"0 0 384 512\" xmlns=\"http:\/\/www.w3.org\/2000\/svg\"><path d=\"M216 23.86c0-23.8-30.65-32.77-44.15-13.04C48 191.85 224 200 224 288c0 35.63-29.11 64.46-64.85 63.99-35.17-.45-63.15-29.77-63.15-64.94v-85.51c0-21.7-26.47-32.23-41.43-16.5C27.8 213.16 0 261.33 0 320c0 105.87 86.13 192 192 192s192-86.13 192-192c0-170.29-168-193-168-296.14z\"><\/path><\/svg>\t\t\t<\/div>\n\t\t<\/div>\n\t\t\t\t<\/div>\n\t\t\t\t<\/div>\n\t\t\t\t<div class=\"elementor-element elementor-element-bdbc769 elementor-widget elementor-widget-heading\" data-id=\"bdbc769\" data-element_type=\"widget\" data-widget_type=\"heading.default\">\n\t\t\t\t<div class=\"elementor-widget-container\">\n\t\t\t<h2 class=\"elementor-heading-title elementor-size-default\">PERSONAL FIGHT<\/h2>\t\t<\/div>\n\t\t\t\t<\/div>\n\t\t\t\t<div class=\"elementor-element elementor-element-5d6064a elementor-widget elementor-widget-text-editor\" data-id=\"5d6064a\" data-element_type=\"widget\" data-widget_type=\"text-editor.default\">\n\t\t\t\t<div class=\"elementor-widget-container\">\n\t\t\t\t\t\t\t<p>Personal Fight \u00e9 um servi\u00e7o oferecido por atletas profissionais. Temos v\u00e1rias modalidades dispon\u00edveis como:\u00a0 boxe, muay thai, jiu-jitsu e MMA entre outras, com treinamento f\u00edsico personalizado em samambaia.<\/p>\t\t\t\t\t\t<\/div>\n\t\t\t\t<\/div>\n\t\t\t\t<\/div>\n\t\t\t\t\t<\/div>\n\t\t\t\t<\/div>\n\t\t<div class=\"elementor-element elementor-element-1a5b2d2 e-flex e-con-boxed e-con e-parent\" data-id=\"1a5b2d2\" data-element_type=\"container\" data-settings=\"{&quot;background_background&quot;:&quot;classic&quot;}\">\n\t\t\t\t\t<div class=\"e-con-inner\">\n\t\t\t\t<div class=\"elementor-element elementor-element-fa22ef9 elementor-widget elementor-widget-html\" data-id=\"fa22ef9\" data-element_type=\"widget\" data-widget_type=\"html.default\">\n\t\t\t\t<div class=\"elementor-widget-container\">\n\t\t\t<div class=\"embedsocial-hashtag\" data-ref=\"d87a998278c552949dd7216321c3ba7428bac79e\"> <a class=\"feed-powered-by-es feed-powered-by-es-slider-img\" href=\"https:\/\/embedsocial.com\/blog\/embed-google-reviews\/\" target=\"_blank\" title=\"Embed Google reviews\"> <img decoding=\"async\" src=\"https:\/\/embedsocial.com\/cdn\/images\/embedsocial-icon.png\" alt=\"EmbedSocial\"> Embed Google reviews <\/a> <\/div> <script> (function(d, s, id) { var js; if (d.getElementById(id)) {return;} js = d.createElement(s); js.id = id; js.src = \"https:\/\/embedsocial.com\/cdn\/ht.js\"; d.getElementsByTagName(\"head\")[0].appendChild(js); }(document, \"script\", \"EmbedSocialHashtagScript\")); <\/script>\t\t<\/div>\n\t\t\t\t<\/div>\n\t\t\t\t\t<\/div>\n\t\t\t\t<\/div>\n\t\t<div class=\"elementor-element elementor-element-19a50a2 e-flex e-con-boxed e-con e-parent\" data-id=\"19a50a2\" data-element_type=\"container\" data-settings=\"{&quot;background_background&quot;:&quot;classic&quot;}\">\n\t\t\t\t\t<div class=\"e-con-inner\">\n\t\t\t\t<div class=\"elementor-element elementor-element-69cbe73 elementor-view-default elementor-widget elementor-widget-icon\" data-id=\"69cbe73\" data-element_type=\"widget\" data-widget_type=\"icon.default\">\n\t\t\t\t<div class=\"elementor-widget-container\">\n\t\t\t\t\t<div class=\"elementor-icon-wrapper\">\n\t\t\t<div class=\"elementor-icon\">\n\t\t\t<svg aria-hidden=\"true\" class=\"e-font-icon-svg e-fas-street-view\" viewBox=\"0 0 512 512\" xmlns=\"http:\/\/www.w3.org\/2000\/svg\"><path d=\"M367.9 329.76c-4.62 5.3-9.78 10.1-15.9 13.65v22.94c66.52 9.34 112 28.05 112 49.65 0 30.93-93.12 56-208 56S48 446.93 48 416c0-21.6 45.48-40.3 112-49.65v-22.94c-6.12-3.55-11.28-8.35-15.9-13.65C58.87 345.34 0 378.05 0 416c0 53.02 114.62 96 256 96s256-42.98 256-96c0-37.95-58.87-70.66-144.1-86.24zM256 128c35.35 0 64-28.65 64-64S291.35 0 256 0s-64 28.65-64 64 28.65 64 64 64zm-64 192v96c0 17.67 14.33 32 32 32h64c17.67 0 32-14.33 32-32v-96c17.67 0 32-14.33 32-32v-96c0-26.51-21.49-48-48-48h-11.8c-11.07 5.03-23.26 8-36.2 8s-25.13-2.97-36.2-8H208c-26.51 0-48 21.49-48 48v96c0 17.67 14.33 32 32 32z\"><\/path><\/svg>\t\t\t<\/div>\n\t\t<\/div>\n\t\t\t\t<\/div>\n\t\t\t\t<\/div>\n\t\t\t\t<div class=\"elementor-element elementor-element-c8c3efd elementor-widget elementor-widget-google_maps\" data-id=\"c8c3efd\" data-element_type=\"widget\" data-widget_type=\"google_maps.default\">\n\t\t\t\t<div class=\"elementor-widget-container\">\n\t\t\t<style>\/*! elementor - v3.21.0 - 26-05-2024 *\/\n.elementor-widget-google_maps .elementor-widget-container{overflow:hidden}.elementor-widget-google_maps .elementor-custom-embed{line-height:0}.elementor-widget-google_maps iframe{height:300px}<\/style>\t\t<div class=\"elementor-custom-embed\">\n\t\t\t<iframe loading=\"lazy\"\n\t\t\t\t\tsrc=\"https:\/\/maps.google.com\/maps?q=movimentart%20samambaia&#038;t=m&#038;z=15&#038;output=embed&#038;iwloc=near\"\n\t\t\t\t\ttitle=\"movimentart samambaia\"\n\t\t\t\t\taria-label=\"movimentart samambaia\"\n\t\t\t><\/iframe>\n\t\t<\/div>\n\t\t\t\t<\/div>\n\t\t\t\t<\/div>\n\t\t\t\t<div class=\"elementor-element elementor-element-cd878bb elementor-widget elementor-widget-html\" data-id=\"cd878bb\" data-element_type=\"widget\" data-widget_type=\"html.default\">\n\t\t\t\t<div class=\"elementor-widget-container\">\n\t\t\t<!-- Google tag (gtag.js) -->\r\n<script async src=\"https:\/\/www.googletagmanager.com\/gtag\/js?id=G-K5SXZ98RZ8\">\r\n<\/script>\r\n<script>\r\nwindow.dataLayer = window.dataLayer || [];\r\nfunction gtag(){dataLayer.push(arguments);}\r\ngtag('js', new Date());\r\n\r\ngtag('config', 'G-K5SXZ98RZ8');\r\n<\/script>\t\t<\/div>\n\t\t\t\t<\/div>\n\t\t\t\t\t<\/div>\n\t\t\t\t<\/div>\n\t\t<div class=\"elementor-element elementor-element-f35b297 e-flex e-con-boxed e-con e-parent\" data-id=\"f35b297\" data-element_type=\"container\" data-settings=\"{&quot;background_background&quot;:&quot;classic&quot;}\">\n\t\t\t\t\t<div class=\"e-con-inner\">\n\t\t<div class=\"elementor-element elementor-element-d6cdc5c e-con-full e-flex e-con e-child\" data-id=\"d6cdc5c\" data-element_type=\"container\">\n\t\t\t\t<div class=\"elementor-element elementor-element-2c9bcef elementor-align-center elementor-widget elementor-widget-button\" data-id=\"2c9bcef\" data-element_type=\"widget\" data-widget_type=\"button.default\">\n\t\t\t\t<div class=\"elementor-widget-container\">\n\t\t\t\t\t<div class=\"elementor-button-wrapper\">\n\t\t\t<a class=\"elementor-button elementor-button-link elementor-size-sm\" href=\"https:\/\/www.instagram.com\/studiomovimentartpilates\">\n\t\t\t\t\t\t<span class=\"elementor-button-content-wrapper\">\n\t\t\t\t\t\t\t\t\t<span class=\"elementor-button-text\">INSTAGRAM<\/span>\n\t\t\t\t\t<\/span>\n\t\t\t\t\t<\/a>\n\t\t<\/div>\n\t\t\t\t<\/div>\n\t\t\t\t<\/div>\n\t\t\t\t<\/div>\n\t\t<div class=\"elementor-element elementor-element-6bda521 e-con-full e-flex e-con e-child\" data-id=\"6bda521\" data-element_type=\"container\">\n\t\t\t\t<div class=\"elementor-element elementor-element-2605fb2 elementor-align-center elementor-widget elementor-widget-button\" data-id=\"2605fb2\" data-element_type=\"widget\" data-widget_type=\"button.default\">\n\t\t\t\t<div class=\"elementor-widget-container\">\n\t\t\t\t\t<div class=\"elementor-button-wrapper\">\n\t\t\t<a class=\"elementor-button elementor-button-link elementor-size-sm\" href=\"mailto:suporte@movimentart.com.br\">\n\t\t\t\t\t\t<span class=\"elementor-button-content-wrapper\">\n\t\t\t\t\t\t\t\t\t<span class=\"elementor-button-text\">TRABALHE CONOSCO<\/span>\n\t\t\t\t\t<\/span>\n\t\t\t\t\t<\/a>\n\t\t<\/div>\n\t\t\t\t<\/div>\n\t\t\t\t<\/div>\n\t\t\t\t<\/div>\n\t\t<div class=\"elementor-element elementor-element-4ac3912 e-con-full e-flex e-con e-child\" data-id=\"4ac3912\" data-element_type=\"container\">\n\t\t\t\t<div class=\"elementor-element elementor-element-34c98b4 elementor-align-center elementor-widget elementor-widget-button\" data-id=\"34c98b4\" data-element_type=\"widget\" data-widget_type=\"button.default\">\n\t\t\t\t<div class=\"elementor-widget-container\">\n\t\t\t\t\t<div class=\"elementor-button-wrapper\">\n\t\t\t<a class=\"elementor-button elementor-button-link elementor-size-sm\" href=\"http:\/\/wa.me\/5561996596492\">\n\t\t\t\t\t\t<span class=\"elementor-button-content-wrapper\">\n\t\t\t\t\t\t\t\t\t<span class=\"elementor-button-text\">WHATSAPP<\/span>\n\t\t\t\t\t<\/span>\n\t\t\t\t\t<\/a>\n\t\t<\/div>\n\t\t\t\t<\/div>\n\t\t\t\t<\/div>\n\t\t\t\t<\/div>\n\t\t<div class=\"elementor-element elementor-element-b6b6192 e-con-full e-flex e-con e-child\" data-id=\"b6b6192\" data-element_type=\"container\">\n\t\t\t\t<div class=\"elementor-element elementor-element-a6dc053 elementor-widget elementor-widget-heading\" data-id=\"a6dc053\" data-element_type=\"widget\" data-widget_type=\"heading.default\">\n\t\t\t\t<div class=\"elementor-widget-container\">\n\t\t\t<h1 class=\"elementor-heading-title elementor-size-default\">FIXO: (61) 3968-7718<\/h1>\t\t<\/div>\n\t\t\t\t<\/div>\n\t\t\t\t<\/div>\n\t\t\t\t\t<\/div>\n\t\t\t\t<\/div>\n\t\t\t\t<\/div>\n\t\t","protected":false},"excerpt":{"rendered":"<p>AULA EXPERIMENTAL PILATES Nosso est\u00fadio de pilates em Samambaia visa cuidar da sua sa\u00fade, melhorar a postura e a flexibilidade.\u00a0 \u00c9 uma pr\u00e1tica excelente para melhorar a sa\u00fade f\u00edsica e mental. FUNCIONAL Nosso treinamento funcional em samambaia \u00e9 um tipo de exerc\u00edcio f\u00edsico que se concentra em movimentos que imitam atividades do dia a dia, [&hellip;]<\/p>\n","protected":false},"author":1,"featured_media":0,"parent":0,"menu_order":0,"comment_status":"closed","ping_status":"closed","template":"elementor_canvas","meta":{"footnotes":""},"class_list":["post-27","page","type-page","status-publish","hentry"],"aioseo_notices":[],"_links":{"self":[{"href":"https:\/\/movimentart.com.br\/index.php?rest_route=\/wp\/v2\/pages\/27","targetHints":{"allow":["GET"]}}],"collection":[{"href":"https:\/\/movimentart.com.br\/index.php?rest_route=\/wp\/v2\/pages"}],"about":[{"href":"https:\/\/movimentart.com.br\/index.php?rest_route=\/wp\/v2\/types\/page"}],"author":[{"embeddable":true,"href":"https:\/\/movimentart.com.br\/index.php?rest_route=\/wp\/v2\/users\/1"}],"replies":[{"embeddable":true,"href":"https:\/\/movimentart.com.br\/index.php?rest_route=%2Fwp%2Fv2%2Fcomments&post=27"}],"version-history":[{"count":56,"href":"https:\/\/movimentart.com.br\/index.php?rest_route=\/wp\/v2\/pages\/27\/revisions"}],"predecessor-version":[{"id":2416,"href":"https:\/\/movimentart.com.br\/index.php?rest_route=\/wp\/v2\/pages\/27\/revisions\/2416"}],"wp:attachment":[{"href":"https:\/\/movimentart.com.br\/index.php?rest_route=%2Fwp%2Fv2%2Fmedia&parent=27"}],"curies":[{"name":"wp","href":"https:\/\/api.w.org\/{rel}","templated":true}]}}